{"id":43,"date":"2023-12-05T13:33:53","date_gmt":"2023-12-05T13:33:53","guid":{"rendered":"http:\/\/3.17.221.67\/?post_type=product&#038;p=43"},"modified":"2026-01-19T20:19:30","modified_gmt":"2026-01-19T20:19:30","slug":"pago-por-publicacion-de-articulos-article-processing-charges-apcs-juridicas-cuc","status":"publish","type":"product","link":"https:\/\/pagosrevistascientificas.cuc.edu.co\/en\/product\/pago-por-publicacion-de-articulos-article-processing-charges-apcs-juridicas-cuc\/","title":{"rendered":"Pago por publicaci\u00f3n de art\u00edculos \/ Article Processing Charges (APCs) &#8211; Juridicas CUC"},"content":{"rendered":"<p>Once the double-blind peer review process has been completed and the manuscript has been formally accepted by the Editor-in-Chief, the authors will be notified of the editorial decision and invited to proceed with the payment of the Article Processing Charge (APC).<\/p>\n<p>With the newly implemented changes, the applicable APC rates are as follows:<\/p>\n<p>For articles accepted on or after April 10, 2025, the APC will be:\n\u2013 USD 1,500 for JUR\u00cdDICAS CUC\n\u2013 USD 750 for M\u00d3DULO ARQUITECTURA CUC<\/p>\n<p>For articles accepted prior to April 10, 2025, the 2024 rate of USD 500 will remain in effect.<\/p>\n<p>In such cases, authors must request a discount coupon from Editorial EDUCOSTA by writing to educosta@cuc.edu.co. This step is mandatory in order to apply the 2024 rate.<\/p>\n<p>Once the payment has been made, authors are required to send proof of the transaction to educosta@cuc.edu.co, including the following:<\/p>\n<p>Proof of payment<\/p>\n<p>The title of the article<\/p>\n<p>The official acceptance notification<\/p>\n<p>Payment deadline:<br \/>\nIf payment is not received within two (2) months of the acceptance notification, the publication process for the article will be cancelled, and the authors will be formally informed of the decision.<\/p>\n<p>Funds collected through the APC are allocated to support essential stages of the editorial process, including:<\/p>\n<p>Layout and design<\/p>\n<p>Language and style editing<\/p>\n<p>Management of the digital publishing platform<\/p>\n<p>Technical and editorial support services<\/p>\n<p>These resources ensure the scientific quality, operational sustainability, and international visibility of the journal.<\/p>\n<p><strong>National payments\u00a0<\/strong><\/p>\n<p>For national payments please send your transfer to the account of Editorial universitaria de la Costa Banco Davivienda N\u00b0 027269997188, NIT: 9010956076.<\/p>\n<p class=\"translation-block\">Please send the support of your payment to the e-mail <strong>educosta@cuc.edu.co<\/strong> indicating the authors and publication data of the article, to issue the invoice to the proof of payment please fill in the data in the form.<\/p>\n<p><strong>International payments<\/strong><\/p>\n<p>For international payments, please use your PayPal account as you normally would. Once we have confirmed receipt of your payment, we will contact you as soon as possible.<\/p>","protected":false},"excerpt":{"rendered":"<p>Una vez finalizado el proceso de evaluaci\u00f3n por pares en modalidad doble ciego y comunicada la aceptaci\u00f3n formal del manuscrito por parte del Editor en Jefe, se notificar\u00e1 a los autores la decisi\u00f3n editorial y se les invitar\u00e1 a realizar el pago correspondiente al cargo por publicaci\u00f3n (Article Processing Charge \u2013 APC). Con los nuevos &hellip;<\/p>\n<p class=\"read-more\"> <a class=\"\" href=\"https:\/\/pagosrevistascientificas.cuc.edu.co\/en\/product\/pago-por-publicacion-de-articulos-article-processing-charges-apcs-juridicas-cuc\/\"> <span class=\"screen-reader-text\">Pago por publicaci\u00f3n de art\u00edculos \/ Article Processing Charges (APCs) &#8211; Juridicas CUC<\/span> Read More &raquo;<\/a><\/p>","protected":false},"featured_media":238,"comment_status":"closed","ping_status":"closed","template":"","meta":{"site-sidebar-layout":"default","site-content-layout":"","ast-site-content-layout":"default","site-content-style":"default","site-sidebar-style":"default","ast-global-header-display":"","ast-banner-title-visibility":"","ast-main-header-display":"","ast-hfb-above-header-display":"","ast-hfb-below-header-display":"","ast-hfb-mobile-header-display":"","site-post-title":"","ast-breadcrumbs-content":"","ast-featured-img":"","footer-sml-layout":"","theme-transparent-header-meta":"default","adv-header-id-meta":"","stick-header-meta":"","header-above-stick-meta":"","header-main-stick-meta":"","header-below-stick-meta":"","astra-migrate-meta-layouts":"set","ast-page-background-enabled":"default","ast-page-background-meta":{"desktop":{"background-color":"var(--ast-global-color-4)","background-image":"","background-repeat":"repeat","background-position":"center center","background-size":"auto","background-attachment":"scroll","background-type":"","background-media":"","overlay-type":"","overlay-color":"","overlay-gradient":""},"tablet":{"background-color":"","background-image":"","background-repeat":"repeat","background-position":"center center","background-size":"auto","background-attachment":"scroll","background-type":"","background-media":"","overlay-type":"","overlay-color":"","overlay-gradient":""},"mobile":{"background-color":"","background-image":"","background-repeat":"repeat","background-position":"center center","background-size":"auto","background-attachment":"scroll","background-type":"","background-media":"","overlay-type":"","overlay-color":"","overlay-gradient":""}},"ast-content-background-meta":{"desktop":{"background-color":"var(--ast-global-color-5)","background-image":"","background-repeat":"repeat","background-position":"center center","background-size":"auto","background-attachment":"scroll","background-type":"","background-media":"","overlay-type":"","overlay-color":"","overlay-gradient":""},"tablet":{"background-color":"var(--ast-global-color-5)","background-image":"","background-repeat":"repeat","background-position":"center center","background-size":"auto","background-attachment":"scroll","background-type":"","background-media":"","overlay-type":"","overlay-color":"","overlay-gradient":""},"mobile":{"background-color":"var(--ast-global-color-5)","background-image":"","background-repeat":"repeat","background-position":"center center","background-size":"auto","background-attachment":"scroll","background-type":"","background-media":"","overlay-type":"","overlay-color":"","overlay-gradient":""}}},"product_cat":[18],"product_tag":[],"_links":{"self":[{"href":"https:\/\/pagosrevistascientificas.cuc.edu.co\/en\/wp-json\/wp\/v2\/product\/43"}],"collection":[{"href":"https:\/\/pagosrevistascientificas.cuc.edu.co\/en\/wp-json\/wp\/v2\/product"}],"about":[{"href":"https:\/\/pagosrevistascientificas.cuc.edu.co\/en\/wp-json\/wp\/v2\/types\/product"}],"replies":[{"embeddable":true,"href":"https:\/\/pagosrevistascientificas.cuc.edu.co\/en\/wp-json\/wp\/v2\/comments?post=43"}],"wp:featuredmedia":[{"embeddable":true,"href":"https:\/\/pagosrevistascientificas.cuc.edu.co\/en\/wp-json\/wp\/v2\/media\/238"}],"wp:attachment":[{"href":"https:\/\/pagosrevistascientificas.cuc.edu.co\/en\/wp-json\/wp\/v2\/media?parent=43"}],"wp:term":[{"taxonomy":"product_cat","embeddable":true,"href":"https:\/\/pagosrevistascientificas.cuc.edu.co\/en\/wp-json\/wp\/v2\/product_cat?post=43"},{"taxonomy":"product_tag","embeddable":true,"href":"https:\/\/pagosrevistascientificas.cuc.edu.co\/en\/wp-json\/wp\/v2\/product_tag?post=43"}],"curies":[{"name":"wp","href":"https:\/\/api.w.org\/{rel}","templated":true}]}}